{"id":8552,"date":"2018-02-21T14:08:08","date_gmt":"2018-02-21T14:08:08","guid":{"rendered":"https:\/\/www.demo.themicart.com\/interico-wp\/?page_id=8552"},"modified":"2024-04-18T18:00:35","modified_gmt":"2024-04-18T12:30:35","slug":"duplex-board-paper-exporter","status":"publish","type":"page","link":"https:\/\/protonpaper.com\/es\/duplex-board-paper-exporter\/","title":{"rendered":"Exportaciones"},"content":{"rendered":"<section class=\"wpb-content-wrapper\"><p>[vc_row full_width=\u00bbstretch_row\u00bb content_placement=\u00bbmiddle\u00bb igual_height=\u00bbyes\u00bb el_class=\u00bbspaced\u00bb][vc_column width=\u00bb7\/12&#8243;][vc_single_image image=\u00bb14356&#8243; alignment=\u00bbcenter\u00bb][\/vc_column][vc_column width=\u00bb5\/12&#8243;][vc_row_inner css=\u00bb.vc_custom_1710174049486{margin-left: 0px !important;}\u00bb][vc_column_inner el_class=\u00bbshadow-box\u00bb]<span style=\"color:# ffffff\" class=\"subtitle dash-false style-dark text-default\"><\/span>[vc_column_text]<\/p>\n<p>Papel de protones<\/p>\n<p>Proton Paper es un conocido fabricante y exportador de productos de papel de alta calidad. Nuestros procesos de fabricaci\u00f3n, respaldados por tecnolog\u00eda avanzada y profesionales calificados, garantizan la producci\u00f3n de una amplia variedad de productos de papel para diversas industrias en todo el mundo.<\/p>\n<p>Nos adherimos a estrictas medidas de control de calidad en cada etapa de fabricaci\u00f3n, desde la selecci\u00f3n de la materia prima hasta el producto final. Este compromiso con la calidad nos ha ganado una excelente reputaci\u00f3n en el mercado global.<\/p>\n<p>Contamos con una red log\u00edstica bien desarrollada para entregar nuestros productos de manera r\u00e1pida y eficiente a nuestros clientes en todo el mundo. Cumplimos con todas las regulaciones y est\u00e1ndares de exportaci\u00f3n internacionales para garantizar un proceso de exportaci\u00f3n fluido y sin complicaciones.<\/p>\n<p>Nuestro compromiso con la satisfacci\u00f3n del cliente, combinado con nuestra experiencia en fabricaci\u00f3n y exportaci\u00f3n, nos convierte en su socio de confianza para todas sus necesidades de productos de papel.[\/vc_column_text][\/vc_column_inner][\/vc_row_inner][\/vc_column][\/vc_row][vc_row][vc_column][vc_column_text]<\/p>\n<h2 style=\"text-align: center;\">Est\u00e1ndares de embalaje de clase mundial<\/h2>\n<p>[\/vc_column_text][vc_column_text]<\/p>\n<p>En Proton Paper Products, estamos muy orgullosos de nuestra dedicaci\u00f3n a mantener los m\u00e1s altos est\u00e1ndares de embalaje para todos y cada uno de nuestros env\u00edos. Un componente clave de nuestra estrategia comercial es nuestro compromiso de cumplir con los est\u00e1ndares internacionales de embalaje, lo que garantiza que nuestros productos lleguen en excelentes condiciones con un impacto ambiental m\u00ednimo.<\/p>\n<p>[\/vc_column_text][\/vc_column][\/vc_row][vc_row][vc_column width=\u00bb1\/4&#8243;][vc_single_image image=\u00bb14057&#8243; alignment=\u00bbcenter\u00bb css_animation=\u00bbfadeInRightBig\u00bb][\/vc_column][vc_column width=\u00bb1\/4&#8243;][vc_single_image image=\u00bb14054&#8243; alignment=\u00bbcenter\u00bb css_animation=\u00bbfadeInRightBig\u00bb][\/vc_column][vc_column width=\u00bb1\/4&#8243;][vc_single_image image=\u00bb14055&#8243; alignment=\u00bbcenter\u00bb css_animation=\u00bbfadeInRightBig\u00bb][\/vc_column][vc_column width=\u00bb1\/4&#8243;][vc_single_image image=\u00bb14056&#8243; alignment=\u00bbcenter\u00bb css_animation=\u00bbfadeInRightBig\u00bb][\/vc_column][\/vc_row][vc_row][vc_column css=\u00bb.vc_custom_1707245868818{margin-top: 60px !important;}\u00bb][vc_column_text]<\/p>\n<h2 style=\"text-align: center;\">Papel d\u00faplex en todo el mundo<\/h2>\n<p>[\/vc_column_text][vc_column_text]<\/p>\n<p style=\"text-align: center;\">Suministro de papel d\u00faplex de alta calidad a clientes de todo el mundo<\/p>\n<p>[\/vc_column_text][vc_basic_grid post_type=\u00bbpost\u00bb max_items=\u00bb-1&#8243; grid_id=\u00bbvc_gid:1713434977073-fd4085ad-31b2-1&#8243; taxonomies=\u00bb68&#8243;][\/vc_column][\/vc_row]<\/p>\n<\/section>","protected":false},"excerpt":{"rendered":"<p>[vc_row full_width=\u00bbstretch_row\u00bb content_placement=\u00bbmiddle\u00bb igual_height=\u00bbyes\u00bb el_class=\u00bbspaced\u00bb][vc_column width=\u00bb7\/12&#8243;][vc_single_image image=\u00bb14356&#8243; alignment=\u00bbcenter\u00bb][\/vc_column][vc_column width=\u00bb5\/12&#8243;][vc_row_inner css=\u00bb.vc_custom_1710174049486{margin-left: 0px !important;}\u00bb][vc_column_inner el_class=\u00bbshadow-box\u00bb][vc_column_text] Papel de protones Proton Paper es un conocido fabricante y exportador de productos de papel de alta calidad. Nuestros procesos de fabricaci\u00f3n, respaldados por tecnolog\u00eda avanzada y profesionales calificados, garantizan la producci\u00f3n de una amplia variedad de productos de papel para diversas [&hellip;]<\/p>\n","protected":false},"author":1,"featured_media":0,"parent":0,"menu_order":0,"comment_status":"closed","ping_status":"closed","template":"","meta":{"footnotes":""},"class_list":["post-8552","page","type-page","status-publish","hentry"],"acf":[],"_links":{"self":[{"href":"https:\/\/protonpaper.com\/es\/wp-json\/wp\/v2\/pages\/8552","targetHints":{"allow":["GET"]}}],"collection":[{"href":"https:\/\/protonpaper.com\/es\/wp-json\/wp\/v2\/pages"}],"about":[{"href":"https:\/\/protonpaper.com\/es\/wp-json\/wp\/v2\/types\/page"}],"author":[{"embeddable":true,"href":"https:\/\/protonpaper.com\/es\/wp-json\/wp\/v2\/users\/1"}],"replies":[{"embeddable":true,"href":"https:\/\/protonpaper.com\/es\/wp-json\/wp\/v2\/comments?post=8552"}],"version-history":[{"count":68,"href":"https:\/\/protonpaper.com\/es\/wp-json\/wp\/v2\/pages\/8552\/revisions"}],"predecessor-version":[{"id":14821,"href":"https:\/\/protonpaper.com\/es\/wp-json\/wp\/v2\/pages\/8552\/revisions\/14821"}],"wp:attachment":[{"href":"https:\/\/protonpaper.com\/es\/wp-json\/wp\/v2\/media?parent=8552"}],"curies":[{"name":"wp","href":"https:\/\/api.w.org\/{rel}","templated":true}]}}